{"id":148450,"date":"2025-09-01T10:32:02","date_gmt":"2025-09-01T08:32:02","guid":{"rendered":"https:\/\/crcindustries.eu\/marques\/"},"modified":"2026-01-13T14:42:09","modified_gmt":"2026-01-13T13:42:09","slug":"marques","status":"publish","type":"page","link":"https:\/\/fr.crcindustries.eu\/fr\/marques\/","title":{"rendered":"Marques"},"content":{"rendered":"<p><div class=\"fusion-bg-parallax\" data-bg-align=\"center center\" data-direction=\"up\" data-mute=\"false\" data-opacity=\"100\" data-velocity=\"-0.1\" data-mobile-enabled=\"false\" data-break_parents=\"0\" data-bg-image=\"https:\/\/crcindustries.eu\/wp-content\/uploads\/sites\/16\/2024\/05\/globle-bkg-careers-crcindurstries.jpg\" data-bg-repeat=\"false\" ><\/div><div class=\"fusion-fullwidth fullwidth-box fusion-builder-row-1 fusion-flex-container has-pattern-background has-mask-background fusion-parallax-up nonhundred-percent-fullwidth non-hundred-percent-height-scrolling\" style=\"--awb-border-radius-top-left:0px;--awb-border-radius-top-right:0px;--awb-border-radius-bottom-right:0px;--awb-border-radius-bottom-left:0px;--awb-padding-top:90px;--awb-padding-bottom:60px;--awb-padding-top-medium:120px;--awb-padding-bottom-medium:45px;--awb-padding-top-small:90px;--awb-padding-bottom-small:0px;--awb-min-height:362px;--awb-min-height-medium:400px;--awb-min-height-small:350px;--awb-background-image:url(&quot;https:\/\/crcindustries.eu\/wp-content\/uploads\/sites\/16\/2024\/05\/globle-bkg-careers-crcindurstries.jpg&quot;);--awb-background-size:cover;--awb-flex-wrap:wrap;\" ><div class=\"fusion-builder-row fusion-row fusion-flex-align-items-flex-end fusion-flex-align-content-flex-end fusion-flex-justify-content-space-between fusion-flex-content-wrap\" style=\"max-width:1456px;margin-left: calc(-4% \/ 2 );margin-right: calc(-4% \/ 2 );\"><div class=\"fusion-layout-column fusion_builder_column fusion-builder-column-0 fusion_builder_column_1_2 1_2 fusion-flex-column\" style=\"--awb-bg-size:cover;--awb-width-large:50%;--awb-margin-top-large:0px;--awb-spacing-right-large:3.84%;--awb-margin-bottom-large:30px;--awb-spacing-left-large:3.84%;--awb-width-medium:50%;--awb-order-medium:0;--awb-spacing-right-medium:3.84%;--awb-spacing-left-medium:3.84%;--awb-width-small:100%;--awb-order-small:0;--awb-spacing-right-small:1.92%;--awb-spacing-left-small:1.92%;\" data-scroll-devices=\"small-visibility,medium-visibility,large-visibility\"><div class=\"fusion-column-wrapper fusion-column-has-shadow fusion-flex-justify-content-flex-start fusion-content-layout-column\"><div class=\"fusion-title title fusion-title-1 fusion-sep-none fusion-title-text fusion-title-size-one\" style=\"--awb-text-color:var(--awb-color1);--awb-margin-top:0px;--awb-margin-right:0px;--awb-margin-bottom:0px;--awb-margin-left:0px;--awb-margin-top-small:0px;--awb-margin-right-small:0px;--awb-margin-bottom-small:0px;--awb-margin-left-small:0px;--awb-font-size:var(--awb-typography1-font-size);\"><h1 class=\"fusion-title-heading title-heading-left fusion-responsive-typography-calculated\" style=\"font-family:var(--awb-typography1-font-family);font-weight:var(--awb-typography1-font-weight);font-style:var(--awb-typography1-font-style);margin:0;letter-spacing:var(--awb-typography1-letter-spacing);text-transform:var(--awb-typography1-text-transform);font-size:1em;--fontSize:52;line-height:var(--awb-typography1-line-height);\">Marques<\/h1><\/div><\/div><\/div><\/div><\/div><div class=\"fusion-fullwidth fullwidth-box fusion-builder-row-2 fusion-flex-container has-pattern-background has-mask-background nonhundred-percent-fullwidth non-hundred-percent-height-scrolling\" style=\"--awb-border-radius-top-left:0px;--awb-border-radius-top-right:0px;--awb-border-radius-bottom-right:0px;--awb-border-radius-bottom-left:0px;--awb-padding-top:90px;--awb-padding-bottom:60px;--awb-padding-top-small:30px;--awb-padding-bottom-small:0px;--awb-flex-wrap:wrap;\" ><div class=\"fusion-builder-row fusion-row fusion-flex-align-items-flex-start fusion-flex-justify-content-center fusion-flex-content-wrap\" style=\"max-width:1456px;margin-left: calc(-4% \/ 2 );margin-right: calc(-4% \/ 2 );\"><div class=\"fusion-layout-column fusion_builder_column fusion-builder-column-1 fusion_builder_column_1_1 1_1 fusion-flex-column\" style=\"--awb-bg-size:cover;--awb-width-large:100%;--awb-margin-top-large:0px;--awb-spacing-right-large:1.92%;--awb-margin-bottom-large:30px;--awb-spacing-left-large:1.92%;--awb-width-medium:100%;--awb-order-medium:0;--awb-spacing-right-medium:1.92%;--awb-spacing-left-medium:1.92%;--awb-width-small:100%;--awb-order-small:0;--awb-spacing-right-small:1.92%;--awb-spacing-left-small:1.92%;\" data-scroll-devices=\"small-visibility,medium-visibility,large-visibility\"><div class=\"fusion-column-wrapper fusion-column-has-shadow fusion-flex-justify-content-flex-start fusion-content-layout-column\"><div class=\"fusion-post-cards fusion-post-cards-1 fusion-grid-columns-3\" style=\"--awb-column-spacing:60px;--awb-dots-align:center;--awb-columns:3;--awb-active-filter-border-size:3px;--awb-filters-height:36px;--awb-row-spacing:60px;--awb-columns-medium:50%;--awb-columns-small:100%;\"><ul class=\"fusion-grid fusion-grid-3 fusion-flex-align-items-stretch fusion-grid-posts-cards\"><li class=\"fusion-layout-column fusion_builder_column fusion-builder-column-2 fusion-flex-column crc-brand-pc post-card fusion-grid-column fusion-post-cards-grid-column\" style=\"--awb-bg-blend:overlay;--awb-bg-size:cover;--awb-flex-grow:0;--awb-flex-shrink:0;--awb-flex-grow-medium:0;--awb-flex-shrink-medium:0;--awb-flex-grow-small:0;--awb-flex-shrink-small:0;\" data-scroll-devices=\"small-visibility,medium-visibility,large-visibility\"><div class=\"fusion-column-wrapper fusion-column-has-shadow fusion-flex-justify-content-flex-start fusion-content-layout-column\"><div class=\"fusion-image-element \" style=\"text-align:center;--awb-aspect-ratio:3 \/ 2;--awb-margin-bottom:25px;--awb-max-width:192px;--awb-caption-title-font-family:var(--h2_typography-font-family);--awb-caption-title-font-weight:var(--h2_typography-font-weight);--awb-caption-title-font-style:var(--h2_typography-font-style);--awb-caption-title-size:var(--h2_typography-font-size);--awb-caption-title-transform:var(--h2_typography-text-transform);--awb-caption-title-line-height:var(--h2_typography-line-height);--awb-caption-title-letter-spacing:var(--h2_typography-letter-spacing);\"><div style=\"display:inline-block;width:192px;\"><span class=\" fusion-imageframe imageframe-none imageframe-1 hover-type-none has-aspect-ratio\"><img decoding=\"async\" width=\"1182\" height=\"904\" alt=\"Kontakt Chemie\" title=\"KOC_ByCRC\" src=\"https:\/\/fr.crcindustries.eu\/wp-content\/uploads\/sites\/16\/2024\/08\/KOC_ByCRC.png\" class=\"img-responsive wp-image-3121 img-with-aspect-ratio\" data-parent-fit=\"cover\" data-parent-container=\".fusion-image-element\" srcset=\"https:\/\/fr.crcindustries.eu\/wp-content\/uploads\/sites\/16\/2024\/08\/KOC_ByCRC-200x153.png 200w, https:\/\/fr.crcindustries.eu\/wp-content\/uploads\/sites\/16\/2024\/08\/KOC_ByCRC-400x306.png 400w, https:\/\/fr.crcindustries.eu\/wp-content\/uploads\/sites\/16\/2024\/08\/KOC_ByCRC-600x459.png 600w, https:\/\/fr.crcindustries.eu\/wp-content\/uploads\/sites\/16\/2024\/08\/KOC_ByCRC-800x612.png 800w, https:\/\/fr.crcindustries.eu\/wp-content\/uploads\/sites\/16\/2024\/08\/KOC_ByCRC.png 1182w\" sizes=\"(max-width: 800px) 100vw, 1182px\" \/><\/span><\/div><\/div><div class=\"fusion-text fusion-text-1 fusion-text-no-margin\" style=\"--awb-content-alignment:center;--awb-margin-bottom:15px;\"><p>Kontakt Chemie est l&rsquo;un des principaux fabricants mondiaux de produits chimiques de sp\u00e9cialit\u00e9 destin\u00e9s \u00e0 l&rsquo;entretien et \u00e0 la r\u00e9paration dans l&rsquo;industrie, le commerce, l&rsquo;\u00e9lectronique et le secteur automobile.<\/p>\n<\/div><div class=\"fusion-separator fusion-full-width-sep\" style=\"align-self: center;margin-left: auto;margin-right: auto;flex-grow:1;margin-top:0px;margin-bottom:0px;width:100%;max-width:100%;\"><\/div><div style=\"text-align:center;\"><a class=\"fusion-button button-flat fusion-button-default-size button-default fusion-button-default button-1 fusion-button-default-span fusion-button-default-type default-btn small-btn\" target=\"_self\" title=\"Voir les produits de la marque\" aria-label=\"Voir les produits de la marque\" href=\"https:\/\/fr.crcindustries.eu\/fr\/marque\/kontakt-chemie-fr\/\"><span class=\"fusion-button-text awb-button__text awb-button__text--default\">Voir les produits<\/span><\/a><\/div><\/div><\/li>\n<li class=\"fusion-layout-column fusion_builder_column fusion-builder-column-3 fusion-flex-column crc-brand-pc post-card fusion-grid-column fusion-post-cards-grid-column\" style=\"--awb-bg-blend:overlay;--awb-bg-size:cover;--awb-flex-grow:0;--awb-flex-shrink:0;--awb-flex-grow-medium:0;--awb-flex-shrink-medium:0;--awb-flex-grow-small:0;--awb-flex-shrink-small:0;\" data-scroll-devices=\"small-visibility,medium-visibility,large-visibility\"><div class=\"fusion-column-wrapper fusion-column-has-shadow fusion-flex-justify-content-flex-start fusion-content-layout-column\"><div class=\"fusion-image-element \" style=\"text-align:center;--awb-aspect-ratio:3 \/ 2;--awb-margin-bottom:25px;--awb-max-width:192px;--awb-caption-title-font-family:var(--h2_typography-font-family);--awb-caption-title-font-weight:var(--h2_typography-font-weight);--awb-caption-title-font-style:var(--h2_typography-font-style);--awb-caption-title-size:var(--h2_typography-font-size);--awb-caption-title-transform:var(--h2_typography-text-transform);--awb-caption-title-line-height:var(--h2_typography-line-height);--awb-caption-title-letter-spacing:var(--h2_typography-letter-spacing);\"><div style=\"display:inline-block;width:192px;\"><span class=\" fusion-imageframe imageframe-none imageframe-2 hover-type-none has-aspect-ratio\"><img decoding=\"async\" width=\"1182\" height=\"661\" alt=\"KF\" title=\"KF-ByCRC\" src=\"https:\/\/fr.crcindustries.eu\/wp-content\/uploads\/sites\/16\/2024\/08\/KF-ByCRC.png\" class=\"img-responsive wp-image-3114 img-with-aspect-ratio\" data-parent-fit=\"cover\" data-parent-container=\".fusion-image-element\" srcset=\"https:\/\/fr.crcindustries.eu\/wp-content\/uploads\/sites\/16\/2024\/08\/KF-ByCRC-200x112.png 200w, https:\/\/fr.crcindustries.eu\/wp-content\/uploads\/sites\/16\/2024\/08\/KF-ByCRC-400x224.png 400w, https:\/\/fr.crcindustries.eu\/wp-content\/uploads\/sites\/16\/2024\/08\/KF-ByCRC-600x336.png 600w, https:\/\/fr.crcindustries.eu\/wp-content\/uploads\/sites\/16\/2024\/08\/KF-ByCRC-800x447.png 800w, https:\/\/fr.crcindustries.eu\/wp-content\/uploads\/sites\/16\/2024\/08\/KF-ByCRC.png 1182w\" sizes=\"(max-width: 800px) 100vw, 1182px\" \/><\/span><\/div><\/div><div class=\"fusion-text fusion-text-2 fusion-text-no-margin\" style=\"--awb-content-alignment:center;--awb-margin-bottom:15px;\"><p>Marque du groupe CRC Industries, KF est le premier fabricant et distributeur fran\u00e7ais de produits chimiques pour les secteurs de l&rsquo;industrie, du b\u00e2timent, de la bureautique, de l&rsquo;informatique et de l&rsquo;\u00e9lectronique.<\/p>\n<\/div><div class=\"fusion-separator fusion-full-width-sep\" style=\"align-self: center;margin-left: auto;margin-right: auto;flex-grow:1;margin-top:0px;margin-bottom:0px;width:100%;max-width:100%;\"><\/div><div style=\"text-align:center;\"><a class=\"fusion-button button-flat fusion-button-default-size button-default fusion-button-default button-2 fusion-button-default-span fusion-button-default-type default-btn small-btn\" target=\"_self\" title=\"Voir les produits de la marque\" aria-label=\"Voir les produits de la marque\" href=\"https:\/\/fr.crcindustries.eu\/fr\/marque\/kf-fr\/\"><span class=\"fusion-button-text awb-button__text awb-button__text--default\">Voir les produits<\/span><\/a><\/div><\/div><\/li>\n<li class=\"fusion-layout-column fusion_builder_column fusion-builder-column-4 fusion-flex-column crc-brand-pc post-card fusion-grid-column fusion-post-cards-grid-column\" style=\"--awb-bg-blend:overlay;--awb-bg-size:cover;--awb-flex-grow:0;--awb-flex-shrink:0;--awb-flex-grow-medium:0;--awb-flex-shrink-medium:0;--awb-flex-grow-small:0;--awb-flex-shrink-small:0;\" data-scroll-devices=\"small-visibility,medium-visibility,large-visibility\"><div class=\"fusion-column-wrapper fusion-column-has-shadow fusion-flex-justify-content-flex-start fusion-content-layout-column\"><div class=\"fusion-image-element \" style=\"text-align:center;--awb-aspect-ratio:3 \/ 2;--awb-margin-bottom:25px;--awb-max-width:192px;--awb-caption-title-font-family:var(--h2_typography-font-family);--awb-caption-title-font-weight:var(--h2_typography-font-weight);--awb-caption-title-font-style:var(--h2_typography-font-style);--awb-caption-title-size:var(--h2_typography-font-size);--awb-caption-title-transform:var(--h2_typography-text-transform);--awb-caption-title-line-height:var(--h2_typography-line-height);--awb-caption-title-letter-spacing:var(--h2_typography-letter-spacing);\"><div style=\"display:inline-block;width:192px;\"><span class=\" fusion-imageframe imageframe-none imageframe-3 hover-type-none has-aspect-ratio\"><img decoding=\"async\" width=\"1920\" height=\"1080\" alt=\"SmartWasher\" title=\"SmartWasher\" src=\"https:\/\/fr.crcindustries.eu\/wp-content\/uploads\/sites\/16\/2024\/07\/7.png\" class=\"img-responsive wp-image-3104 img-with-aspect-ratio\" data-parent-fit=\"cover\" data-parent-container=\".fusion-image-element\" srcset=\"https:\/\/fr.crcindustries.eu\/wp-content\/uploads\/sites\/16\/2024\/07\/7-200x113.png 200w, https:\/\/fr.crcindustries.eu\/wp-content\/uploads\/sites\/16\/2024\/07\/7-400x225.png 400w, https:\/\/fr.crcindustries.eu\/wp-content\/uploads\/sites\/16\/2024\/07\/7-600x338.png 600w, https:\/\/fr.crcindustries.eu\/wp-content\/uploads\/sites\/16\/2024\/07\/7-800x450.png 800w, https:\/\/fr.crcindustries.eu\/wp-content\/uploads\/sites\/16\/2024\/07\/7-1200x675.png 1200w, https:\/\/fr.crcindustries.eu\/wp-content\/uploads\/sites\/16\/2024\/07\/7.png 1920w\" sizes=\"(max-width: 800px) 100vw, 1920px\" \/><\/span><\/div><\/div><div class=\"fusion-text fusion-text-3 fusion-text-no-margin\" style=\"--awb-content-alignment:center;--awb-margin-bottom:15px;\"><p>Le SmartWasher\u00ae brevet\u00e9 est un syst\u00e8me innovant de lavage de pi\u00e8ces utilisant la bior\u00e9m\u00e9diation, \u00e9liminant ainsi la n\u00e9cessit\u00e9 de transporter les fluides usag\u00e9s. Il se compose de trois \u00e9l\u00e9ments principaux : l&rsquo;unit\u00e9 SmartWasher, les solutions de d\u00e9graissage non dangereuses OzzyJuice et l&rsquo;OzzyMat, un tapis infus\u00e9 de microbes pour pi\u00e9ger les particules. <\/p>\n<\/div><div class=\"fusion-separator fusion-full-width-sep\" style=\"align-self: center;margin-left: auto;margin-right: auto;flex-grow:1;margin-top:0px;margin-bottom:0px;width:100%;max-width:100%;\"><\/div><div style=\"text-align:center;\"><a class=\"fusion-button button-flat fusion-button-default-size button-default fusion-button-default button-3 fusion-button-default-span fusion-button-default-type default-btn small-btn\" target=\"_self\" title=\"Voir les produits de la marque\" aria-label=\"Voir les produits de la marque\" href=\"https:\/\/fr.crcindustries.eu\/fr\/marque\/crc-smartwasher-fr\/\"><span class=\"fusion-button-text awb-button__text awb-button__text--default\">Voir les produits<\/span><\/a><\/div><\/div><\/li>\n<li class=\"fusion-layout-column fusion_builder_column fusion-builder-column-5 fusion-flex-column crc-brand-pc post-card fusion-grid-column fusion-post-cards-grid-column\" style=\"--awb-bg-blend:overlay;--awb-bg-size:cover;--awb-flex-grow:0;--awb-flex-shrink:0;--awb-flex-grow-medium:0;--awb-flex-shrink-medium:0;--awb-flex-grow-small:0;--awb-flex-shrink-small:0;\" data-scroll-devices=\"small-visibility,medium-visibility,large-visibility\"><div class=\"fusion-column-wrapper fusion-column-has-shadow fusion-flex-justify-content-flex-start fusion-content-layout-column\"><div class=\"fusion-image-element \" style=\"text-align:center;--awb-aspect-ratio:3 \/ 2;--awb-margin-bottom:25px;--awb-max-width:192px;--awb-caption-title-font-family:var(--h2_typography-font-family);--awb-caption-title-font-weight:var(--h2_typography-font-weight);--awb-caption-title-font-style:var(--h2_typography-font-style);--awb-caption-title-size:var(--h2_typography-font-size);--awb-caption-title-transform:var(--h2_typography-text-transform);--awb-caption-title-line-height:var(--h2_typography-line-height);--awb-caption-title-letter-spacing:var(--h2_typography-letter-spacing);\"><div style=\"display:inline-block;width:192px;\"><span class=\" fusion-imageframe imageframe-none imageframe-4 hover-type-none has-aspect-ratio\"><img decoding=\"async\" width=\"1374\" height=\"618\" alt=\"CRC Logo\" title=\"CRC Logo\" src=\"https:\/\/fr.crcindustries.eu\/wp-content\/uploads\/sites\/16\/2022\/04\/CRC_Logo_RGB_Horiz_Tag_Black-1-e1721981441340.png\" class=\"img-responsive wp-image-3111 img-with-aspect-ratio\" data-parent-fit=\"cover\" data-parent-container=\".fusion-image-element\" srcset=\"https:\/\/fr.crcindustries.eu\/wp-content\/uploads\/sites\/16\/2022\/04\/CRC_Logo_RGB_Horiz_Tag_Black-1-e1721981441340-200x90.png 200w, https:\/\/fr.crcindustries.eu\/wp-content\/uploads\/sites\/16\/2022\/04\/CRC_Logo_RGB_Horiz_Tag_Black-1-e1721981441340-400x180.png 400w, https:\/\/fr.crcindustries.eu\/wp-content\/uploads\/sites\/16\/2022\/04\/CRC_Logo_RGB_Horiz_Tag_Black-1-e1721981441340-600x270.png 600w, https:\/\/fr.crcindustries.eu\/wp-content\/uploads\/sites\/16\/2022\/04\/CRC_Logo_RGB_Horiz_Tag_Black-1-e1721981441340-800x360.png 800w, https:\/\/fr.crcindustries.eu\/wp-content\/uploads\/sites\/16\/2022\/04\/CRC_Logo_RGB_Horiz_Tag_Black-1-e1721981441340-1200x540.png 1200w, https:\/\/fr.crcindustries.eu\/wp-content\/uploads\/sites\/16\/2022\/04\/CRC_Logo_RGB_Horiz_Tag_Black-1-e1721981441340.png 1374w\" sizes=\"(max-width: 800px) 100vw, 1374px\" \/><\/span><\/div><\/div><div class=\"fusion-text fusion-text-4 fusion-text-no-margin\" style=\"--awb-content-alignment:center;--awb-margin-bottom:15px;\"><p>CRC Industries Europe est un fournisseur mondial de solutions chimiques de haute performance pour les secteurs de l&rsquo;industrie, de l&rsquo;automobile et de l&rsquo;\u00e9lectricit\u00e9. Nous fabriquons et fournissons des nettoyants, des lubrifiants, des produits anticorrosion, des adh\u00e9sifs, des solutions de soudage, des additifs, des peintures, des produits de moulage et d&rsquo;autres formulations sp\u00e9cialis\u00e9es, tous con\u00e7us pour soutenir les flux de travail professionnels et optimiser les performances. Nous servons des clients dans toute l&rsquo;Europe, l&rsquo;Afrique et le Moyen-Orient.  <\/p>\n<\/div><div class=\"fusion-separator fusion-full-width-sep\" style=\"align-self: center;margin-left: auto;margin-right: auto;flex-grow:1;margin-top:0px;margin-bottom:0px;width:100%;max-width:100%;\"><\/div><div style=\"text-align:center;\"><a class=\"fusion-button button-flat fusion-button-default-size button-default fusion-button-default button-4 fusion-button-default-span fusion-button-default-type default-btn small-btn\" target=\"_self\" title=\"Voir les produits de la marque\" aria-label=\"Voir les produits de la marque\" href=\"https:\/\/fr.crcindustries.eu\/fr\/marque\/crc-professional\/\"><span class=\"fusion-button-text awb-button__text awb-button__text--default\">Voir les produits<\/span><\/a><\/div><\/div><\/li>\n<li class=\"fusion-layout-column fusion_builder_column fusion-builder-column-6 fusion-flex-column crc-brand-pc post-card fusion-grid-column fusion-post-cards-grid-column\" style=\"--awb-bg-blend:overlay;--awb-bg-size:cover;--awb-flex-grow:0;--awb-flex-shrink:0;--awb-flex-grow-medium:0;--awb-flex-shrink-medium:0;--awb-flex-grow-small:0;--awb-flex-shrink-small:0;\" data-scroll-devices=\"small-visibility,medium-visibility,large-visibility\"><div class=\"fusion-column-wrapper fusion-column-has-shadow fusion-flex-justify-content-flex-start fusion-content-layout-column\"><div class=\"fusion-image-element \" style=\"text-align:center;--awb-aspect-ratio:3 \/ 2;--awb-margin-bottom:25px;--awb-max-width:192px;--awb-caption-title-font-family:var(--h2_typography-font-family);--awb-caption-title-font-weight:var(--h2_typography-font-weight);--awb-caption-title-font-style:var(--h2_typography-font-style);--awb-caption-title-size:var(--h2_typography-font-size);--awb-caption-title-transform:var(--h2_typography-text-transform);--awb-caption-title-line-height:var(--h2_typography-line-height);--awb-caption-title-letter-spacing:var(--h2_typography-letter-spacing);\"><div style=\"display:inline-block;width:192px;\"><span class=\" fusion-imageframe imageframe-none imageframe-5 hover-type-none has-aspect-ratio\"><img decoding=\"async\" width=\"775\" height=\"365\" alt=\"CRC-Evapo-Rust-Logo-Lockup-Strapline_RGB.png (1)\" title=\"CRC-Evapo-Rust-Logo-Lockup-Strapline_RGB.png (1)\" src=\"https:\/\/fr.crcindustries.eu\/wp-content\/uploads\/sites\/16\/2026\/01\/CRC-Evapo-Rust-Logo-Lockup-Strapline_RGB.png-1.webp\" class=\"img-responsive wp-image-164997 img-with-aspect-ratio\" data-parent-fit=\"cover\" data-parent-container=\".fusion-image-element\" srcset=\"https:\/\/fr.crcindustries.eu\/wp-content\/uploads\/sites\/16\/2026\/01\/CRC-Evapo-Rust-Logo-Lockup-Strapline_RGB.png-1-200x94.webp 200w, https:\/\/fr.crcindustries.eu\/wp-content\/uploads\/sites\/16\/2026\/01\/CRC-Evapo-Rust-Logo-Lockup-Strapline_RGB.png-1-400x188.webp 400w, https:\/\/fr.crcindustries.eu\/wp-content\/uploads\/sites\/16\/2026\/01\/CRC-Evapo-Rust-Logo-Lockup-Strapline_RGB.png-1-600x283.webp 600w, https:\/\/fr.crcindustries.eu\/wp-content\/uploads\/sites\/16\/2026\/01\/CRC-Evapo-Rust-Logo-Lockup-Strapline_RGB.png-1.webp 775w\" sizes=\"(max-width: 800px) 100vw, 775px\" \/><\/span><\/div><\/div><div class=\"fusion-text fusion-text-5 fusion-text-no-margin\" style=\"--awb-content-alignment:center;--awb-margin-bottom:15px;\"><p>Evapo-Rust\u00ae est un d\u00e9rouillant non toxique qui restaure rapidement les surfaces sans frotter ni poncer. Sa formule puissante \u00e9limine efficacement la rouille et est s\u00fbre, simple et facile \u00e0 utiliser. La solution est pr\u00eate \u00e0 l&#8217;emploi et ne n\u00e9cessite aucun m\u00e9lange.  <\/p>\n<\/div><div class=\"fusion-separator fusion-full-width-sep\" style=\"align-self: center;margin-left: auto;margin-right: auto;flex-grow:1;margin-top:0px;margin-bottom:0px;width:100%;max-width:100%;\"><\/div><div style=\"text-align:center;\"><a class=\"fusion-button button-flat fusion-button-default-size button-default fusion-button-default button-5 fusion-button-default-span fusion-button-default-type default-btn small-btn\" target=\"_self\" title=\"Voir les produits de la marque\" aria-label=\"Voir les produits de la marque\" href=\"https:\/\/fr.crcindustries.eu\/fr\/marque\/crc-evapo-rust-fr\/\"><span class=\"fusion-button-text awb-button__text awb-button__text--default\">Voir les produits<\/span><\/a><\/div><\/div><\/li>\n<\/ul><\/div><\/div><\/div><\/div><\/div><\/p>\n","protected":false},"excerpt":{"rendered":"","protected":false},"author":1,"featured_media":0,"parent":0,"menu_order":0,"comment_status":"closed","ping_status":"closed","template":"100-width.php","meta":{"_acf_changed":false,"footnotes":""},"class_list":["post-148450","page","type-page","status-publish","hentry"],"acf":[],"_links":{"self":[{"href":"https:\/\/fr.crcindustries.eu\/fr\/wp-json\/wp\/v2\/pages\/148450","targetHints":{"allow":["GET"]}}],"collection":[{"href":"https:\/\/fr.crcindustries.eu\/fr\/wp-json\/wp\/v2\/pages"}],"about":[{"href":"https:\/\/fr.crcindustries.eu\/fr\/wp-json\/wp\/v2\/types\/page"}],"author":[{"embeddable":true,"href":"https:\/\/fr.crcindustries.eu\/fr\/wp-json\/wp\/v2\/users\/1"}],"replies":[{"embeddable":true,"href":"https:\/\/fr.crcindustries.eu\/fr\/wp-json\/wp\/v2\/comments?post=148450"}],"version-history":[{"count":2,"href":"https:\/\/fr.crcindustries.eu\/fr\/wp-json\/wp\/v2\/pages\/148450\/revisions"}],"predecessor-version":[{"id":164841,"href":"https:\/\/fr.crcindustries.eu\/fr\/wp-json\/wp\/v2\/pages\/148450\/revisions\/164841"}],"wp:attachment":[{"href":"https:\/\/fr.crcindustries.eu\/fr\/wp-json\/wp\/v2\/media?parent=148450"}],"curies":[{"name":"wp","href":"https:\/\/api.w.org\/{rel}","templated":true}]}}